{"id":10,"date":"2017-02-08T11:35:00","date_gmt":"2017-02-08T13:35:00","guid":{"rendered":"http:\/\/realcehotel.com.br\/novo\/quem-somos\/"},"modified":"2018-12-10T09:28:34","modified_gmt":"2018-12-10T11:28:34","slug":"quem-somos","status":"publish","type":"page","link":"https:\/\/realcehotel.com.br\/novo\/quem-somos\/","title":{"rendered":"Quem Somos"},"content":{"rendered":"<p>Constru\u00eddo em uma das principais avenidas de Ja\u00fa, o Realce Hotel est\u00e1 localizado estrategicamente na entrada da cidade, facilitando o acesso dos seus h\u00f3spedes para diferentes locais na sua estadia.<\/p>\n<p>Sua infraestrutura vers\u00e1til e sua equipe extremamente atenciosa e bem treinada faz do Realce Hotel a sua casa em Ja\u00fa! Seja a neg\u00f3cios ou lazer.<\/p>\n<p>Voc\u00ea vai realmente sentir-se em casa ao se hospedar em nossos quartos que possuem TV a cabo, ar condicionado e wi-fi. Al\u00e9m disso, fique \u00e0 vontade para come\u00e7ar o dia com nosso delicioso caf\u00e9 da manh\u00e3 e se exercitar em nossa academia.<\/p>\n<p>O Realce Hotel tamb\u00e9m possui ampla sala de eventos com espa\u00e7os modulares que permite a realiza\u00e7\u00e3o de diferentes tipos de eventos, podendo se adaptar a necessidade de cada um deles.<\/p>\n","protected":false},"excerpt":{"rendered":"<p>Constru\u00eddo em uma das principais avenidas de Ja\u00fa, o Realce Hotel est\u00e1 localizado estrategicamente na entrada da cidade, facilitando o acesso dos seus h\u00f3spedes para diferentes locais na sua estadia. Sua infraestrutura vers\u00e1til e sua equipe extremamente atenciosa e bem treinada faz do Realce Hotel a sua casa em Ja\u00fa! Seja a neg\u00f3cios ou lazer. [&hellip;]<\/p>\n","protected":false},"author":1,"featured_media":0,"parent":0,"menu_order":0,"comment_status":"closed","ping_status":"closed","template":"","meta":{"_joinchat":[],"footnotes":""},"class_list":["post-10","page","type-page","status-publish","hentry"],"_links":{"self":[{"href":"https:\/\/realcehotel.com.br\/novo\/wp-json\/wp\/v2\/pages\/10","targetHints":{"allow":["GET"]}}],"collection":[{"href":"https:\/\/realcehotel.com.br\/novo\/wp-json\/wp\/v2\/pages"}],"about":[{"href":"https:\/\/realcehotel.com.br\/novo\/wp-json\/wp\/v2\/types\/page"}],"author":[{"embeddable":true,"href":"https:\/\/realcehotel.com.br\/novo\/wp-json\/wp\/v2\/users\/1"}],"replies":[{"embeddable":true,"href":"https:\/\/realcehotel.com.br\/novo\/wp-json\/wp\/v2\/comments?post=10"}],"version-history":[{"count":3,"href":"https:\/\/realcehotel.com.br\/novo\/wp-json\/wp\/v2\/pages\/10\/revisions"}],"predecessor-version":[{"id":91,"href":"https:\/\/realcehotel.com.br\/novo\/wp-json\/wp\/v2\/pages\/10\/revisions\/91"}],"wp:attachment":[{"href":"https:\/\/realcehotel.com.br\/novo\/wp-json\/wp\/v2\/media?parent=10"}],"curies":[{"name":"wp","href":"https:\/\/api.w.org\/{rel}","templated":true}]}}